{"id":91,"date":"2020-06-17T17:01:42","date_gmt":"2020-06-17T17:01:42","guid":{"rendered":"https:\/\/demo.creativethemes.com\/blocksy\/charity\/?page_id=91"},"modified":"2026-04-07T14:28:26","modified_gmt":"2026-04-07T14:28:26","slug":"contact","status":"publish","type":"page","link":"https:\/\/www.fit-tunisie.org\/en\/contact\/","title":{"rendered":"Contact"},"content":{"rendered":"<div class=\"brz-root__container brz-reset-all\">\n<section data-uid=\"cosrgjxwqapzuwaaxbhhjyjemtnmtqzqtqjt\" id=\"cosrgjxwqapzuwaaxbhhjyjemtnmtqzqtqjt\" class=\"brz-section brz-css-mybbq\">\n<div class=\"brz-section__content brz-section--boxed brz-css-nmxyz brz-css-alncv\" data-custom-id=\"lglajinuoqzqwyqvoytdoaemnxtwdctrdyit\">\n<div class=\"brz-bg overflow-hidden absolute top-0 left-0 w-full h-full\">\n<div class=\"brz-bg-color absolute top-0 left-0 w-full h-full\"><\/div>\n<\/div>\n<div class=\"brz-container brz-css-qtyjw\">\n<div class=\"brz-row__container brz-css-ceqmu\" data-custom-id=\"eqduouukytgqqlfhpdrzdnvpzoswdchhdmml\">\n<div class=\"brz-bg overflow-hidden absolute top-0 left-0 w-full h-full\"><\/div>\n<div class=\"brz-row brz-css-yshvl brz-css-uileu\">\n<div class=\"brz-columns brz-css-pfeuk brz-css-wqnwk\" data-custom-id=\"iefwnzzkwqzmpzxdutkfkpahuzufwbovwhdr\">\n<div class=\"brz-bg overflow-hidden absolute top-0 left-0 w-full h-full\">\n<div class=\"brz-bg-color absolute top-0 left-0 w-full h-full\"><\/div>\n<\/div>\n<div class=\"brz-column__items brz-css-leule brz-css-kjbhb\">\n<div class=\"brz-wrapper-clone brz-css-zvarx\">\n<div class=\"brz-d-xs-flex brz-flex-xs-wrap brz-css-vmjkh\">\n<div class=\"brz-wrapper-clone__item brz-css-epbvf\" id=\"ytqnvjmivxxobalcgqsycqjdrsofuvlbjckj\">\n<div id class=\"brz-icon__container\" data-custom-id=\"ytqnvjmivxxobalcgqsycqjdrsofuvlbjckj\"><span class=\"brz-icon brz-span brz-css-sjlzu brz-css-katfz\"><\/span><\/div>\n<\/div>\n<\/div>\n<\/div>\n<div class=\"brz-css-rofoj brz-wrapper\">\n<div class=\"brz-rich-text brz-rich-text__custom brz-css-jriat\" data-custom-id=\"nctqyqgotnkgkyxmvcnbovaeobxxrmlmyqbf\">\n<div>\n<p class=\"brz-css-ukdgl\" data-generated-css=\"brz-css-dzgbl\" data-uniq-id=\"suchg\">Adresse<\/p>\n<\/div>\n<\/div>\n<\/div>\n<div class=\"brz-css-rofoj brz-css-oaxju brz-wrapper\">\n<div class=\"brz-rich-text brz-rich-text__custom brz-css-jriat\" data-custom-id=\"ttovkhvrsvtbxuxaioukkmvpasyiakgyizus\">\n<div>\n<p class=\"brz-css-pnbhd\" data-generated-css=\"brz-css-yauja\" data-uniq-id=\"kihrq\">R\u00c9SIDENCE MERIEM &#8211;<\/p>\n<p class=\"brz-css-jnjku\" data-generated-css=\"brz-css-yauja\" data-uniq-id=\"kihrq\"> APPT N\u00b02 &#8211; LES BERGES DU LAC. TUNIS 1053<\/p>\n<\/div>\n<\/div>\n<\/div>\n<\/div>\n<\/div>\n<div class=\"brz-columns brz-css-pfeuk brz-css-lqwrv\" data-custom-id=\"auepxbjvdqgvzualqlxieatfuiaigyalheht\">\n<div class=\"brz-bg overflow-hidden absolute top-0 left-0 w-full h-full\">\n<div class=\"brz-bg-color absolute top-0 left-0 w-full h-full\"><\/div>\n<\/div>\n<div class=\"brz-column__items brz-css-leule brz-css-lzmdq\">\n<div class=\"brz-wrapper-clone brz-css-zvarx\">\n<div class=\"brz-d-xs-flex brz-flex-xs-wrap brz-css-vmjkh\">\n<div class=\"brz-wrapper-clone__item brz-css-epbvf\" id=\"jimvyybzyklgrcpvnhpbfvdxkaehcuxgeujz\">\n<div id class=\"brz-icon__container\" data-custom-id=\"jimvyybzyklgrcpvnhpbfvdxkaehcuxgeujz\"><span class=\"brz-icon brz-span brz-css-sjlzu brz-css-ypnrk\"><\/span><\/div>\n<\/div>\n<\/div>\n<\/div>\n<div class=\"brz-css-rofoj brz-wrapper\">\n<div class=\"brz-rich-text brz-rich-text__custom brz-css-jriat\" data-custom-id=\"htzdpwucbkbpjfzfrsgoplxzlodkocgplxvc\">\n<div>\n<p class=\"brz-css-snpcp\" data-generated-css=\"brz-css-irugw\" data-uniq-id=\"xsqzb\">Horaire de travail<\/p>\n<\/div>\n<\/div>\n<\/div>\n<div class=\"brz-css-rofoj brz-css-khprb brz-wrapper\">\n<div class=\"brz-rich-text brz-rich-text__custom brz-css-jriat\" data-custom-id=\"mxqwlggrpaepfiejiambqurpzfdnyhlaasor\">\n<div>\n<p class=\"brz-css-hrraq\" data-generated-css=\"brz-css-bxrjf\" data-uniq-id=\"sepow\">Lundi &#8211; Vendredi : 8h:00 \/ 17h:30<\/p>\n<p class=\"brz-css-sujlj\" data-generated-css=\"brz-css-avkmp\" data-uniq-id=\"jsfoq\"><span class=\"brz-cp-color7\"> <\/span><\/p>\n<\/div>\n<\/div>\n<\/div>\n<\/div>\n<\/div>\n<div class=\"brz-columns brz-css-pfeuk brz-css-moljj\" data-custom-id=\"howmzrxfxqhbsjgrpvfhbrqfyxcsyycwpmtp\">\n<div class=\"brz-bg overflow-hidden absolute top-0 left-0 w-full h-full\">\n<div class=\"brz-bg-color absolute top-0 left-0 w-full h-full\"><\/div>\n<\/div>\n<div class=\"brz-column__items brz-css-leule brz-css-iluce\">\n<div class=\"brz-wrapper-clone brz-css-zvarx\">\n<div class=\"brz-d-xs-flex brz-flex-xs-wrap brz-css-vmjkh\">\n<div class=\"brz-wrapper-clone__item brz-css-epbvf\" id=\"eclbbbwlmkhbgwunehcxjqpejxptixlpsadx\">\n<div id class=\"brz-icon__container\" data-custom-id=\"eclbbbwlmkhbgwunehcxjqpejxptixlpsadx\"><span class=\"brz-icon brz-span brz-css-sjlzu brz-css-prxwr\"><\/span><\/div>\n<\/div>\n<\/div>\n<\/div>\n<div class=\"brz-css-rofoj brz-wrapper\">\n<div class=\"brz-rich-text brz-rich-text__custom brz-css-jriat\" data-custom-id=\"bxclxxoriddzposyjgsstjhyiyalsbxgediu\">\n<div>\n<p class=\"brz-css-ucivp\" data-generated-css=\"brz-css-uawlg\" data-uniq-id=\"afldf\">T\u00e9l\u00e9phones<\/p>\n<\/div>\n<\/div>\n<\/div>\n<div class=\"brz-css-rofoj brz-css-jzfgy brz-wrapper\">\n<div class=\"brz-rich-text brz-rich-text__custom brz-css-jriat\" data-custom-id=\"xyzuwmtfsusjndxknshdgqpvpwdsbjfcihpv\">\n<div>\n<p class=\"brz-css-zqwkr\" data-uniq-id=\"hfgcv\" data-generated-css=\"brz-css-ljzdd\">+216 24 940 022<\/p>\n<p class=\"brz-css-euafs\" data-uniq-id=\"illvk\" data-generated-css=\"brz-css-iafse\">+216 29 710 507<\/p>\n<\/div>\n<\/div>\n<\/div>\n<\/div>\n<\/div>\n<\/div>\n<\/div>\n<\/div>\n<\/div>\n<\/section>\n<section data-uid=\"fabmdpauuwnxlqkdazwqbrydhnitsmddnbem\" id=\"fabmdpauuwnxlqkdazwqbrydhnitsmddnbem\" class=\"brz-section brz-css-mybbq\">\n<div class=\"brz-section__content brz-section--boxed brz-css-nmxyz brz-css-fmjno\" data-custom-id=\"bxmclpmufsutecuznsdoiyedxcjmidbkowog\">\n<div class=\"brz-container brz-css-qtyjw\">\n<div class=\"brz-row__container brz-css-ceqmu\" data-custom-id=\"kvsknfkyleykjynwjegfbjrdcqhtswyxbgda\">\n<div class=\"brz-bg overflow-hidden absolute top-0 left-0 w-full h-full\"><\/div>\n<div class=\"brz-row brz-css-yshvl brz-css-uileu\">\n<div class=\"brz-columns brz-css-pfeuk brz-css-msnnw\" data-custom-id=\"rngykqtjarzyyebvljhbamdcnbcsqzdjnohx\">\n<div class=\"brz-bg overflow-hidden absolute top-0 left-0 w-full h-full\"><\/div>\n<div class=\"brz-column__items brz-css-leule brz-css-hyino\">\n<div class=\"brz-css-rofoj brz-wrapper\">\n<div class=\"brz-rich-text brz-rich-text__custom brz-css-jriat\" data-custom-id=\"iysmmdwycovgbpjlyzkozlmyfreyuxdthgkz\">\n<div>\n<p class=\"brz-css-lwgqi\" data-uniq-id=\"adins\" data-generated-css=\"brz-css-zdpiu\">Envoyez-nous un message<\/p>\n<\/div>\n<\/div>\n<\/div>\n<div class=\"brz-css-rofoj brz-css-egtli brz-wrapper\">\n<div class=\"brz-spacer brz-css-uofpu brz-css-thrfw\"><\/div>\n<\/div>\n<div class=\"brz-css-rofoj brz-css-nwdbq brz-wrapper\">\n<div data-form-version=\"2\" class=\"brz-forms2 brz-css-wmhmz brz-css-kyjwd\" data-custom-id=\"gaabvdrpotunfbhvzopwubyymzebjnwzficb\">\n<div class=\"brz-forms2__item brz-css-vhkkf brz-css-mtoxa brz-css-wdsla\"><label class=\"brz-label brz-forms2__field-label\" for=\"fbtwytyhfeaojkvzxzdjvemsjdejtjiefrrz\">Nom et pr\u00e9nom<\/label><\/div>\n<div class=\"brz-forms2__item brz-css-vhkkf brz-css-mtoxa brz-css-wdsla\"><label class=\"brz-label brz-forms2__field-label\" for=\"ctdgxyedhbpcdxtygcyvlbsnouoysnvktypl\">Adresse mail<\/label><\/div>\n<div class=\"brz-forms2__item brz-css-vhkkf brz-css-mtoxa brz-css-wdsla\"><label class=\"brz-label brz-forms2__field-label\" for=\"ulrmenqmgvokbbjtmqiaeuaossxfkcienjgq\">Sujet<\/label><\/div>\n<div class=\"brz-forms2__item brz-css-vhkkf brz-css-mtoxa brz-css-wdsla brz-css-bbfow\"><label class=\"brz-label brz-forms2__field-label\" for=\"spbcucoftunzvwhiysnxqpbzsxcymlqjynxl\">Message<\/label><textarea id=\"spbcucoftunzvwhiysnxqpbzsxcymlqjynxl\" name=\"uaeanolfkfhzeszujwsecluqasoxsgvomsvk\" data-type=\"Paragraph\" data-label=\"Message\" data-placeholder class=\"brz-textarea brz-forms2__field brz-forms2__field-paragraph\"><\/textarea><\/div>\n<div class=\"brz-forms2 brz-forms2__item brz-forms2__item-button\"><button class=\"brz-btn brz-btn-submit brz-css-voatk brz-css-flkty\" data-custom-id=\"suviwagafigdtqzxtapvzxkwgyyjmdmopfsh\"><span class=\"brz-span brz-text__editor\">Envoyer<\/span><\/button>    !function(){function t(t){this.element=t,this.animationId,this.start=null,this.init()}if(!window.requestAnimationFrame){var i=null;window.requestAnimationFrame=function(t,n){var e=(new Date).getTime();i||(i=e);var a=Math.max(0,16-(e-i)),o=window.setTimeout(function(){t(e+a)},a);return i=e+a,o}}t.prototype.init=function(){var t=this;this.animationId=window.requestAnimationFrame(t.triggerAnimation.bind(t))},t.prototype.reset=function(){var t=this;window.cancelAnimationFrame(t.animationId)},t.prototype.triggerAnimation=function(t){var i=this;this.start||(this.start=t);var n=t-this.start;504&gt;n||(this.start=this.start+504),this.element.setAttribute(\u00ab\u00a0transform\u00a0\u00bb,\u00a0\u00bbrotate(\u00ab\u00a0+Math.min(n\/1.4,360)+\u00a0\u00bb 12 12)\u00a0\u00bb);if(document.documentElement.contains(this.element))window.requestAnimationFrame(i.triggerAnimation.bind(i))};var n=document.getElementsByClassName(\u00ab\u00a0nc-loop_circle-02-24\u00a0\u00bb),e=[];if(n)for(var a=0;n.length&gt;a;a++)!function(i){e.push(new t(n[i]))}(a);document.addEventListener(\u00ab\u00a0visibilitychange\u00a0\u00bb,function(){\u00ab\u00a0hidden\u00a0\u00bb==document.visibilityState?e.forEach(function(t){t.reset()}):e.forEach(function(t){t.init()})})}();<\/div>\n<\/div>\n<\/div>\n<\/div>\n<\/div>\n<div class=\"brz-columns brz-css-pfeuk brz-css-txkco\" data-custom-id=\"yxrjgnockzsihbaxeovhfrefsqawvuhiyoxm\">\n<div class=\"brz-bg overflow-hidden absolute top-0 left-0 w-full h-full\"><\/div>\n<div class=\"brz-column__items brz-css-leule brz-css-founf\">\n<div class=\"brz-css-rofoj brz-css-mgyaw brz-wrapper\">\n<div class=\"brz-map brz-css-xdtyr brz-css-mzmhn\" data-custom-id=\"yoncrfccaxxwcpkvziefadayuaoacqgqirrl\">\n<div class=\"brz-map-content\"><\/div>\n<\/div>\n<\/div>\n<\/div>\n<\/div>\n<\/div>\n<\/div>\n<\/div>\n<\/div>\n<\/section>\n<\/div>\n<p><!-- version:1739285164 --><\/p>\n","protected":false},"excerpt":{"rendered":"<p>Adresse R\u00c9SIDENCE MERIEM &#8211; APPT N\u00b02 &#8211; LES BERGES DU LAC. TUNIS 1053 Horaire de travail Lundi &#8211; Vendredi : 8h:00 \/ 17h:30 T\u00e9l\u00e9phones +216 24 940 022 +216 29 710 507 Envoyez-nous un message Nom et pr\u00e9nom Adresse mail Sujet Message Envoyer !function(){function t(t){this.element=t,this.animationId,this.start=null,this.init()}if(!window.requestAnimationFrame){var i=null;window.requestAnimationFrame=function(t,n){var e=(new Date).getTime();i||(i=e);var a=Math.max(0,16-(e-i)),o=window.setTimeout(function(){t(e+a)},a);return i=e+a,o}}t.prototype.init=function(){var t=this;this.animationId=window.requestAnimationFrame(t.triggerAnimation.bind(t))},t.prototype.reset=function(){var t=this;window.cancelAnimationFrame(t.animationId)},t.prototype.triggerAnimation=function(t){var i=this;this.start||(this.start=t);var n=t-this.start;504&gt;n||(this.start=this.start+504),this.element.setAttribute(\u00ab\u00a0transform\u00a0\u00bb,\u00a0\u00bbrotate(\u00ab\u00a0+Math.min(n\/1.4,360)+\u00a0\u00bb 12 [&hellip;]<\/p>\n","protected":false},"author":1,"featured_media":1728,"parent":0,"menu_order":7,"comment_status":"closed","ping_status":"closed","template":"","meta":{"footnotes":""},"class_list":["post-91","page","type-page","status-publish","has-post-thumbnail","hentry"],"blocksy_meta":{"styles_descriptor":{"styles":{"desktop":"","tablet":"","mobile":""},"google_fonts":[],"version":6}},"brizy_media":[],"_links":{"self":[{"href":"https:\/\/www.fit-tunisie.org\/en\/wp-json\/wp\/v2\/pages\/91","targetHints":{"allow":["GET"]}}],"collection":[{"href":"https:\/\/www.fit-tunisie.org\/en\/wp-json\/wp\/v2\/pages"}],"about":[{"href":"https:\/\/www.fit-tunisie.org\/en\/wp-json\/wp\/v2\/types\/page"}],"author":[{"embeddable":true,"href":"https:\/\/www.fit-tunisie.org\/en\/wp-json\/wp\/v2\/users\/1"}],"replies":[{"embeddable":true,"href":"https:\/\/www.fit-tunisie.org\/en\/wp-json\/wp\/v2\/comments?post=91"}],"version-history":[{"count":9,"href":"https:\/\/www.fit-tunisie.org\/en\/wp-json\/wp\/v2\/pages\/91\/revisions"}],"predecessor-version":[{"id":3054,"href":"https:\/\/www.fit-tunisie.org\/en\/wp-json\/wp\/v2\/pages\/91\/revisions\/3054"}],"wp:featuredmedia":[{"embeddable":true,"href":"https:\/\/www.fit-tunisie.org\/en\/wp-json\/wp\/v2\/media\/1728"}],"wp:attachment":[{"href":"https:\/\/www.fit-tunisie.org\/en\/wp-json\/wp\/v2\/media?parent=91"}],"curies":[{"name":"wp","href":"https:\/\/api.w.org\/{rel}","templated":true}]}}