{"id":2786,"date":"2023-04-11T11:35:58","date_gmt":"2023-04-11T11:35:58","guid":{"rendered":"https:\/\/www.fit-tunisie.org\/wordpress_W\/?page_id=2786"},"modified":"2026-04-07T12:32:28","modified_gmt":"2026-04-07T12:32:28","slug":"accreditation-categorie-b-2","status":"publish","type":"page","link":"https:\/\/www.fit-tunisie.org\/en\/accreditation-categorie-b-2\/","title":{"rendered":"Accreditation B category"},"content":{"rendered":"<div class=\"brz-root__container brz-reset-all\">\n<section data-uid=\"igzpltnmxikuhdmiwdglyggkkjkngyxdhapz\" id=\"igzpltnmxikuhdmiwdglyggkkjkngyxdhapz\" class=\"brz-section brz-css-yxfls\">\n<div class=\"brz-section__content brz-section--boxed brz-css-wpvus\" data-custom-id=\"irdprvgrguyfvacjtvhgvqkknpebpudthaur\">\n<div class=\"brz-container brz-css-emvgl\">\n<div class=\"brz-css-stymj brz-wrapper\">\n<div class=\"brz-image brz-css-weomu\"><img decoding=\"async\" class=\"brz-img\" src=\"https:\/\/www.fit-tunisie.org\/wp-content\/uploads\/brizy\/imgs\/accreditation-164x132x0x0x164x132x1681211747.png\" alt=\"\" loading=\"lazy\" \/><\/div>\n<\/div>\n<div id=\"par\" class=\"brz-css-stymj brz-css-nests brz-wrapper\">\n<div class=\"brz-rich-text brz-rich-text__custom brz-css-zrozw\" data-custom-id=\"dgmnuusfpdjpbbwxtmrsbpzfyplynnzpiuwn\">\n<div>\n<p class=\"brz-css-djyva\" data-uniq-id=\"bvhbm\" data-generated-css=\"brz-css-xgjhi\"><strong class=\"brz-cp-color7\">The Interprofessional Federation of Tunisian Tourism (FiTT) guarantees the conformity of accredited companies with the following criteria and conditions<\/strong><\/p>\n<\/div>\n<\/div>\n<\/div>\n<div class=\"brz-css-stymj brz-wrapper\">\n<div class=\"brz-rich-text brz-rich-text__custom brz-css-zrozw\" data-custom-id=\"nkggldchuhzdnabgzyezyujpffbibbtalwvt\">\n<div>\n<h5 class=\"brz-css-cxpsx\" data-generated-css=\"brz-css-wvpea\" data-uniq-id=\"zflfq\">D\u00e9finition\u00a0agence de voyages de type B\u00a0:<\/h5>\n<p class=\"brz-css-rwzib\" data-generated-css=\"brz-css-lnjfx\" data-uniq-id=\"ruzse\">Les activit\u00e9s d\u2019agence de voyages de cat\u00e9gorie \u00ab B \u00bb sont :<\/p>\n<ul>\n<li class=\"brz-css-ibjtm\" data-generated-css=\"brz-css-rpaui\" data-uniq-id=\"caduw\">Booking and sale of stays in tourist establishments.<\/li>\n<li class=\"brz-css-gxcjr\" data-generated-css=\"brz-css-phaqv\" data-uniq-id=\"uozlv\">The sale of tickets of any kind<\/li>\n<li class=\"brz-css-qcwso\" data-generated-css=\"brz-css-mmowb\" data-uniq-id=\"dwbvt\">&#8211; La repr\u00e9sentation d\u2019une agence de voyages de cat\u00e9gorie \u00ab A \u00bb en vue de fournir en son nom ces services.<\/li>\n<\/ul>\n<p class=\"brz-css-sivuf\" data-generated-css=\"brz-css-epzrl\" data-uniq-id=\"ahqjw\"><\/p>\n<h5 class=\"brz-css-ibhym\" data-generated-css=\"brz-css-isxsy\" data-uniq-id=\"uyhoy\">Les \u00e9l\u00e9ments d\u2019accr\u00e9ditation d\u2019une agence de voyages de type B\u00a0:<\/h5>\n<ul>\n<li class=\"brz-css-etudm\" data-generated-css=\"brz-css-tykec\" data-uniq-id=\"xkesn\">&#8211; Disposer d\u2019un capital de 30.000 (trente mille) Dinars Tunisiens<\/li>\n<li class=\"brz-css-jsfak\" data-generated-css=\"brz-css-jwjmt\" data-uniq-id=\"mvdkb\">&#8211; Avoir une caution bancaire ininterrompue en guise de garantie de ses obligations professionnelles d\u2019une valeur de 25.000 (vingt-cinq mille) Dinars Tunisiens. Cette caution serait retir\u00e9e, le cas \u00e9ch\u00e9ant, sur demande de l\u2019Office National du Tourisme Tunisien, et ce en vue de couvrir les sommes dues en cas de non-ex\u00e9cution de l\u2019agence de voyages de ses engagements vis \u00e0 vis des clients<\/li>\n<li class=\"brz-css-fgftp\" data-generated-css=\"brz-css-yrbch\" data-uniq-id=\"xxbrf\">Take out an insurance policy covering his professional civil liability<\/li>\n<li class=\"brz-css-ywong\" data-generated-css=\"brz-css-rdghq\" data-uniq-id=\"hedku\">Owning or renting commercial premises to house the headquarters and activity of the establishment<\/li>\n<li class=\"brz-css-grhlu\" data-generated-css=\"brz-css-drpgh\" data-uniq-id=\"myhae\">Hold a license or agreement issued by the Ministry of Tourism and the Tunisian National Tourist Office<\/li>\n<li class=\"brz-css-yxxqp\" data-generated-css=\"brz-css-xyxrv\" data-uniq-id=\"snedd\">&#8211; Etre inscrit au Registre de Commerce Tunisien\u00a0: avec pr\u00e9cision du type d\u2019activit\u00e9, du num\u00e9ro d\u2019inscription et de la date de cr\u00e9ation<\/li>\n<li class=\"brz-css-ftxss\" data-generated-css=\"brz-css-godxe\" data-uniq-id=\"jxxes\">Have a tax code<\/li>\n<li class=\"brz-css-cbfiz\" data-generated-css=\"brz-css-uvsmd\" data-uniq-id=\"uhfvy\">&nbsp;<\/li>\n<li class=\"brz-css-heyvh\" data-generated-css=\"brz-css-dbzoe\" data-uniq-id=\"kwpic\">Proving the employment of staff trained in the travel agency business<\/li>\n<li class=\"brz-css-ypmic\" data-generated-css=\"brz-css-qtpyb\" data-uniq-id=\"sancy\">Proving the employment of a staff member of the National Social Security Fund<\/li>\n<\/ul>\n<p class=\"brz-css-qoeqg\" data-generated-css=\"brz-css-urlwk\" data-uniq-id=\"czinh\"><\/p>\n<\/div>\n<\/div>\n<\/div>\n<\/div>\n<\/div>\n<\/section>\n<\/div>\n<p><!-- version:1739280097 --><\/p>","protected":false},"excerpt":{"rendered":"<p>La F\u00e9d\u00e9ration Interprofessionnelle du Tourisme Tunisien (Fi2T) se porte garante quant \u00e0 la conformit\u00e9 des entreprises accr\u00e9dit\u00e9es selon les crit\u00e8res et les conditions mentionn\u00e9s ci-dessous D\u00e9finition\u00a0agence de voyages de type B\u00a0: Les activit\u00e9s d\u2019agence de voyages de cat\u00e9gorie \u00ab B \u00bb sont : &#8211; La r\u00e9servation et la vente de s\u00e9jours dans les \u00e9tablissements touristiques. [&hellip;]<\/p>\n","protected":false},"author":1,"featured_media":1729,"parent":0,"menu_order":0,"comment_status":"closed","ping_status":"closed","template":"","meta":{"footnotes":""},"class_list":["post-2786","page","type-page","status-publish","has-post-thumbnail","hentry"],"blocksy_meta":[],"brizy_media":[{"id":2749,"url":"https:\/\/www.fit-tunisie.org\/wp-content\/uploads\/2023\/04\/accreditation.png","name":"accreditation.png","meta":{"brizy_attachment_uid":"wp-082974d8a08119c34178cebf10848117.png","brizy_post_uid":["81f15cdc2eb2fbdb502093aca17adfdb"]}},{"id":3171,"url":"https:\/\/www.fit-tunisie.org\/wp-content\/uploads\/2025\/10\/Balloons-event-show-6.jpg","name":"Balloons-event-show-6.jpg","meta":{"brizy_attachment_uid":"wp-ff478539611547686c8ac4dc15b78cee.jpg","brizy_post_uid":["81f15cdc2eb2fbdb502093aca17adfdb"]}}],"_links":{"self":[{"href":"https:\/\/www.fit-tunisie.org\/en\/wp-json\/wp\/v2\/pages\/2786","targetHints":{"allow":["GET"]}}],"collection":[{"href":"https:\/\/www.fit-tunisie.org\/en\/wp-json\/wp\/v2\/pages"}],"about":[{"href":"https:\/\/www.fit-tunisie.org\/en\/wp-json\/wp\/v2\/types\/page"}],"author":[{"embeddable":true,"href":"https:\/\/www.fit-tunisie.org\/en\/wp-json\/wp\/v2\/users\/1"}],"replies":[{"embeddable":true,"href":"https:\/\/www.fit-tunisie.org\/en\/wp-json\/wp\/v2\/comments?post=2786"}],"version-history":[{"count":3,"href":"https:\/\/www.fit-tunisie.org\/en\/wp-json\/wp\/v2\/pages\/2786\/revisions"}],"predecessor-version":[{"id":2985,"href":"https:\/\/www.fit-tunisie.org\/en\/wp-json\/wp\/v2\/pages\/2786\/revisions\/2985"}],"wp:featuredmedia":[{"embeddable":true,"href":"https:\/\/www.fit-tunisie.org\/en\/wp-json\/wp\/v2\/media\/1729"}],"wp:attachment":[{"href":"https:\/\/www.fit-tunisie.org\/en\/wp-json\/wp\/v2\/media?parent=2786"}],"curies":[{"name":"wp","href":"https:\/\/api.w.org\/{rel}","templated":true}]}}