{"id":2773,"date":"2023-04-11T11:25:10","date_gmt":"2023-04-11T11:25:10","guid":{"rendered":"https:\/\/www.fit-tunisie.org\/wordpress_W\/?page_id=2773"},"modified":"2026-04-07T10:07:58","modified_gmt":"2026-04-07T10:07:58","slug":"accreditation-categorie-b","status":"publish","type":"page","link":"https:\/\/www.fit-tunisie.org\/en\/accreditation-categorie-b\/","title":{"rendered":"Accreditation medical tourism"},"content":{"rendered":"<div class=\"brz-root__container brz-reset-all\">\n<section data-uid=\"igzpltnmxikuhdmiwdglyggkkjkngyxdhapz\" id=\"igzpltnmxikuhdmiwdglyggkkjkngyxdhapz\" class=\"brz-section brz-css-mduyw\">\n<div class=\"brz-section__content brz-section--boxed brz-css-fkeyk\" data-custom-id=\"irdprvgrguyfvacjtvhgvqkknpebpudthaur\">\n<div class=\"brz-container brz-css-zrkms\">\n<div class=\"brz-css-ktcqn brz-wrapper\">\n<div class=\"brz-image brz-css-ynafd\"><img decoding=\"async\" class=\"brz-img\" src=\"https:\/\/www.fit-tunisie.org\/wp-content\/uploads\/brizy\/imgs\/accreditation-164x132x0x0x164x132x1681211747.png\" alt=\"\" loading=\"lazy\" \/><\/div>\n<\/div>\n<div id=\"par\" class=\"brz-css-ktcqn brz-css-qiycf brz-wrapper\">\n<div class=\"brz-rich-text brz-rich-text__custom brz-css-ugxyk\" data-custom-id=\"dgmnuusfpdjpbbwxtmrsbpzfyplynnzpiuwn\">\n<div>\n<p class=\"brz-css-ukrnh\" data-uniq-id=\"bvhbm\" data-generated-css=\"brz-css-xgjhi\"><strong class=\"brz-cp-color7\">The Interprofessional Federation of Tunisian Tourism (FiTT) guarantees the conformity of accredited companies with the following criteria and conditions<\/strong><\/p>\n<\/div>\n<\/div>\n<\/div>\n<div class=\"brz-css-ktcqn brz-wrapper\">\n<div class=\"brz-rich-text brz-rich-text__custom brz-css-ugxyk\" data-custom-id=\"nkggldchuhzdnabgzyezyujpffbibbtalwvt\">\n<div>\n<h5 class=\"brz-css-rpuoj\" data-uniq-id=\"ykgmv\" data-generated-css=\"brz-css-lsptb\"><u>D\u00e9finition de l\u2019agence de voyages sp\u00e9cialis\u00e9e dans le tourisme m\u00e9dical\u00a0:<\/u><\/h5>\n<p class=\"brz-css-ciplb\" data-uniq-id=\"cwvee\" data-generated-css=\"brz-css-kjeor\">Medical tourism is defined as the travel organization for non-residents who benefit from tourist and medical services in Tunisia.<\/p>\n<p class=\"brz-css-lhnqs\" data-uniq-id=\"mjtch\" data-generated-css=\"brz-css-mcfqz\">Les activit\u00e9s d\u2019agence de voyages sp\u00e9cialis\u00e9e dans le tourisme m\u00e9dical ou\u00a0Agence de tourisme m\u00e9dical\u00a0sont celles des agences de voyages de cat\u00e9gorie \u00ab\u00a0A\u00a0\u00bb tels que pr\u00e9cis\u00e9s par le cahier des charges de l\u2019ONTT ainsi que d\u2019autres activit\u00e9s sp\u00e9cifiques au tourisme m\u00e9dical comme\u00a0:<\/p>\n<ul>\n<li class=\"brz-css-qoayv\" data-uniq-id=\"ydhss\" data-generated-css=\"brz-css-cdrdd\">The organization and sale of packages including travel and medical care for non-resident patients in Tunisia,<\/li>\n<li class=\"brz-css-bgujw\" data-uniq-id=\"xhblv\" data-generated-css=\"brz-css-mwnup\">Representation of foreign medical tourism agencies wishing to offer packages produced by the Tunisian medical tourism agency<\/li>\n<\/ul>\n<p class=\"brz-css-ajwzv\" data-uniq-id=\"bthow\" data-generated-css=\"brz-css-ascab\"><\/p>\n<p class=\"brz-css-lhdpp\" data-uniq-id=\"iccba\" data-generated-css=\"brz-css-uqdhk\">L\u2019agence de voyages sp\u00e9cialis\u00e9e dans le tourisme m\u00e9dical doit \u00eatre de cat\u00e9gorie A et satisfaire les \u00e9l\u00e9ments d\u2019accr\u00e9ditation d\u2019une agence de voyages de type A\u00a0:- Disposer d\u2019un capital de 100.000 (Cent mille) Dinars Tunisiens<\/p>\n<ul>\n<li class=\"brz-css-zmxeo\" data-uniq-id=\"bjtpf\" data-generated-css=\"brz-css-obprv\">To have an uninterrupted bank guarantee as a guarantee of his professional obligations worth 50,000 (Fifty thousand) Tunisian Dinars. This deposit would be withdrawn, if necessary, at the request of the Tunisian National Tourist Office, and this in order to cover the amounts due in case of non-execution of the travel agency of its commitments towards customers<\/li>\n<li class=\"brz-css-jcwfx\" data-uniq-id=\"eewsp\" data-generated-css=\"brz-css-ktmei\">Take out an insurance policy covering his professional liability<\/li>\n<li class=\"brz-css-zohoq\" data-uniq-id=\"amcoq\" data-generated-css=\"brz-css-wesbx\">To be the owner or tenant of the commercial space to house the headquarters and the activity of the establishment<\/li>\n<li class=\"brz-css-nzvwr\" data-uniq-id=\"nmghh\" data-generated-css=\"brz-css-xppfg\">Hold a license or agreement issued by the Ministry of Tourism and the Tunisian National Tourist Office<\/li>\n<li class=\"brz-css-zwhun\" data-uniq-id=\"yadox\" data-generated-css=\"brz-css-zknjb\">Etre inscrit au Registre de Commerce Tunisien\u00a0: avec pr\u00e9cision du type d\u2019activit\u00e9, du num\u00e9ro d\u2019inscription et de la date de cr\u00e9ation<\/li>\n<li class=\"brz-css-qgwwq\" data-uniq-id=\"fjfwl\" data-generated-css=\"brz-css-exlpw\">Have a tax code<\/li>\n<li class=\"brz-css-jovji\" data-uniq-id=\"nklgq\" data-generated-css=\"brz-css-lcbln\">Become a member of the Interprofessional Federation of Tunisian Tourism<\/li>\n<li class=\"brz-css-izhyp\" data-uniq-id=\"ecsop\" data-generated-css=\"brz-css-vtkfe\">Prove the employment of staff trained in travel agency activity<\/li>\n<li class=\"brz-css-vvfuq\" data-uniq-id=\"yvkuv\" data-generated-css=\"brz-css-dotig\">Prove the employment of a staff member of the National Social Security Fund<\/li>\n<li class=\"brz-css-wrpjr\" data-uniq-id=\"aqfvt\" data-generated-css=\"brz-css-vbxyj\">Have a separate organization or department and a separate website specialized in medical tourism. Also a specialized and trained in the sale of medical services and the assistance of foreign patients<\/li>\n<li class=\"brz-css-vnqih\" data-uniq-id=\"lfrwv\" data-generated-css=\"brz-css-sigdr\">Comply with the respect of medical ethics on the website.<\/li>\n<li class=\"brz-css-ubyuy\" data-uniq-id=\"oxdmw\" data-generated-css=\"brz-css-ynjrp\">Have a partnership agreement with at least one clinic in Tunisia.<\/li>\n<li class=\"brz-css-zxxep\" data-uniq-id=\"ndvdw\" data-generated-css=\"brz-css-pqulo\">Have a minimum of two transport vehicles suitable for the transport of patients.<\/li>\n<li class=\"brz-css-nsceh\" data-uniq-id=\"jiazw\" data-generated-css=\"brz-css-uimhk\">Afficher sur tous leurs supports de communication et notamment d\u00e9pliants, brochures, sites web, \u2026 et tout autre support d\u2019identification, toutes les informations l\u00e9gales\u00a0:<\/li>\n<\/ul>\n<p class=\"brz-css-ftywa\" data-uniq-id=\"bpjmm\" data-generated-css=\"brz-css-doecc\">&#8211; Type soci\u00e9t\u00e9\u00a0: SARL\/SA\/PP\u2026<\/p>\n<p class=\"brz-css-wheuz\" data-uniq-id=\"bocsr\" data-generated-css=\"brz-css-rzbka\">Trade Registry Number and Type<\/p>\n<p class=\"brz-css-nlbik\" data-uniq-id=\"gedur\" data-generated-css=\"brz-css-pcvcf\">TNTO license number or copy of the agreement : A or B licence<\/p>\n<p class=\"brz-css-ofqyf\" data-uniq-id=\"lkiyz\" data-generated-css=\"brz-css-qxndr\">IFTT or FTAV membership<\/p>\n<p class=\"brz-css-mtxqv\" data-uniq-id=\"olpjk\" data-generated-css=\"brz-css-akyxy\">Insurance policy number<\/p>\n<p class=\"brz-css-axgen\" data-uniq-id=\"mldyy\" data-generated-css=\"brz-css-auquh\">Company date of birth<\/p>\n<p class=\"brz-css-zbnbr\" data-uniq-id=\"dcczi\" data-generated-css=\"brz-css-xxvlv\"><\/p>\n<\/div>\n<\/div>\n<\/div>\n<\/div>\n<\/div>\n<\/section>\n<\/div>\n<p><!-- version:1739282560 --><\/p>","protected":false},"excerpt":{"rendered":"<p>La F\u00e9d\u00e9ration Interprofessionnelle du Tourisme Tunisien (Fi2T) se porte garante quant \u00e0 la conformit\u00e9 des entreprises accr\u00e9dit\u00e9es selon les crit\u00e8res et les conditions mentionn\u00e9s ci-dessous D\u00e9finition de l\u2019agence de voyages sp\u00e9cialis\u00e9e dans le tourisme m\u00e9dical\u00a0: Le tourisme m\u00e9dical se d\u00e9finit comme l\u2019organisation de voyage pour des non-r\u00e9sidents qui b\u00e9n\u00e9ficient de services touristiques et m\u00e9dicaux en [&hellip;]<\/p>\n","protected":false},"author":1,"featured_media":1729,"parent":0,"menu_order":0,"comment_status":"closed","ping_status":"closed","template":"","meta":{"footnotes":""},"class_list":["post-2773","page","type-page","status-publish","has-post-thumbnail","hentry"],"blocksy_meta":[],"brizy_media":[{"id":2749,"url":"https:\/\/www.fit-tunisie.org\/wp-content\/uploads\/2023\/04\/accreditation.png","name":"accreditation.png","meta":{"brizy_attachment_uid":"wp-082974d8a08119c34178cebf10848117.png","brizy_post_uid":["81f15cdc2eb2fbdb502093aca17adfdb"]}},{"id":3171,"url":"https:\/\/www.fit-tunisie.org\/wp-content\/uploads\/2025\/10\/Balloons-event-show-6.jpg","name":"Balloons-event-show-6.jpg","meta":{"brizy_attachment_uid":"wp-ff478539611547686c8ac4dc15b78cee.jpg","brizy_post_uid":["81f15cdc2eb2fbdb502093aca17adfdb"]}}],"_links":{"self":[{"href":"https:\/\/www.fit-tunisie.org\/en\/wp-json\/wp\/v2\/pages\/2773","targetHints":{"allow":["GET"]}}],"collection":[{"href":"https:\/\/www.fit-tunisie.org\/en\/wp-json\/wp\/v2\/pages"}],"about":[{"href":"https:\/\/www.fit-tunisie.org\/en\/wp-json\/wp\/v2\/types\/page"}],"author":[{"embeddable":true,"href":"https:\/\/www.fit-tunisie.org\/en\/wp-json\/wp\/v2\/users\/1"}],"replies":[{"embeddable":true,"href":"https:\/\/www.fit-tunisie.org\/en\/wp-json\/wp\/v2\/comments?post=2773"}],"version-history":[{"count":8,"href":"https:\/\/www.fit-tunisie.org\/en\/wp-json\/wp\/v2\/pages\/2773\/revisions"}],"predecessor-version":[{"id":2984,"href":"https:\/\/www.fit-tunisie.org\/en\/wp-json\/wp\/v2\/pages\/2773\/revisions\/2984"}],"wp:featuredmedia":[{"embeddable":true,"href":"https:\/\/www.fit-tunisie.org\/en\/wp-json\/wp\/v2\/media\/1729"}],"wp:attachment":[{"href":"https:\/\/www.fit-tunisie.org\/en\/wp-json\/wp\/v2\/media?parent=2773"}],"curies":[{"name":"wp","href":"https:\/\/api.w.org\/{rel}","templated":true}]}}