{"id":2747,"date":"2023-04-11T11:18:38","date_gmt":"2023-04-11T11:18:38","guid":{"rendered":"https:\/\/www.fit-tunisie.org\/wordpress_W\/?page_id=2747"},"modified":"2026-04-07T14:27:54","modified_gmt":"2026-04-07T14:27:54","slug":"accreditation-2","status":"publish","type":"page","link":"https:\/\/www.fit-tunisie.org\/en\/accreditation-2\/","title":{"rendered":"Accreditation"},"content":{"rendered":"<div class=\"brz-root__container brz-reset-all\">\n<section data-uid=\"igzpltnmxikuhdmiwdglyggkkjkngyxdhapz\" id=\"igzpltnmxikuhdmiwdglyggkkjkngyxdhapz\" class=\"brz-section brz-css-htavf\">\n<div class=\"brz-section__content brz-section--boxed brz-css-ljqqq\" data-custom-id=\"irdprvgrguyfvacjtvhgvqkknpebpudthaur\">\n<div class=\"brz-container brz-css-jfdxk\">\n<div class=\"brz-css-gsmqy brz-wrapper\">\n<div class=\"brz-image brz-css-qqoue\"><img decoding=\"async\" class=\"brz-img\" src=\"https:\/\/www.fit-tunisie.org\/wp-content\/uploads\/brizy\/imgs\/accreditation-164x132x0x0x164x132x1681211747.png\" alt=\"\" loading=\"lazy\" \/><\/div>\n<\/div>\n<div id=\"par\" class=\"brz-css-gsmqy brz-css-xytpk brz-wrapper\">\n<div class=\"brz-rich-text brz-rich-text__custom brz-css-hssmg\" data-custom-id=\"dgmnuusfpdjpbbwxtmrsbpzfyplynnzpiuwn\">\n<div>\n<p class=\"brz-css-immpx\" data-generated-css=\"brz-css-ghzfr\" data-uniq-id=\"nnzqx\"><strong class=\"brz-cp-color7\">The Interprofessional Federation of Tunisian Tourism (FiTT) guarantees the conformity of accredited companies with the following criteria and conditions<\/strong><\/p>\n<\/div>\n<\/div>\n<\/div>\n<div class=\"brz-css-gsmqy brz-wrapper\">\n<div class=\"brz-rich-text brz-rich-text__custom brz-css-hssmg\" data-custom-id=\"nkggldchuhzdnabgzyezyujpffbibbtalwvt\">\n<div>\n<p class=\"brz-css-qxdta\" data-generated-css=\"brz-css-rbygm\" data-uniq-id=\"hmdbl\"><span class=\"brz-cp-color7\">Afin de renforcer la confiance entre les clients et les entreprises touristiques, lutter contre la concurrence d\u00e9loyale, reconnaitre la comp\u00e9tence des professionnels du tourisme tunisien, la Fi2T (F\u00e9d\u00e9ration Interprofessionnelle du Tourisme Tunisien) a mis sur pied un processus d\u2019accr\u00e9ditation pour ses adh\u00e9rents et ce dans leurs cat\u00e9gories respectives\u00a0:<\/span><\/p>\n<ol>\n<li class=\"brz-css-kifut\" data-generated-css=\"brz-css-pgruq\" data-uniq-id=\"fymqm\"><span class=\"brz-cp-color2\">Agences de voyages\u00a0: cat\u00e9gories A et B<\/span><\/li>\n<li class=\"brz-css-idcwx\" data-generated-css=\"brz-css-iswde\" data-uniq-id=\"ihbwa\"><u class=\"brz-cp-color2\">Travel Agencies specialized in Medical Tourism<\/u><\/li>\n<\/ol>\n<p class=\"brz-css-dpedk\" data-generated-css=\"brz-css-xxsph\" data-uniq-id=\"ewluv\"><\/p>\n<h5 class=\"brz-css-irkzb\" data-generated-css=\"brz-css-iemwz\" data-uniq-id=\"fcejw\"><span class=\"brz-cp-color7\">L\u2019accr\u00e9ditation des activit\u00e9s suivantes est en cours de validation\u00a0:<\/span><\/h5>\n<ol>\n<li class=\"brz-css-spjzn\" data-generated-css=\"brz-css-vfqlo\" data-uniq-id=\"bbgxn\"><span class=\"brz-cp-color2\"> Agences de voyages sp\u00e9cialis\u00e9es dans le Tourisme Culturel<\/span><\/li>\n<li class=\"brz-css-osaua\" data-generated-css=\"brz-css-epixl\" data-uniq-id=\"yajyv\"><span class=\"brz-cp-color2\"> Guides professionnels de tourisme<\/span><\/li>\n<li class=\"brz-css-mzeft\" data-generated-css=\"brz-css-lwbej\" data-uniq-id=\"sjczd\"><span class=\"brz-cp-color2\"> Centres de thalassoth\u00e9rapie<\/span><\/li>\n<li class=\"brz-css-qbhda\" data-generated-css=\"brz-css-kvbwk\" data-uniq-id=\"cswsb\"><span class=\"brz-cp-color2\">Parcours de golf<\/span><\/li>\n<li class=\"brz-css-vvdbj\" data-generated-css=\"brz-css-zkvdm\" data-uniq-id=\"onggn\"><span class=\"brz-cp-color2\">Maisons d\u2019h\u00f4tes<\/span><\/li>\n<li class=\"brz-css-kzhjp\" data-generated-css=\"brz-css-ltkzo\" data-uniq-id=\"gwogk\"><span class=\"brz-cp-color2\">G\u00eetes ruraux<\/span><\/li>\n<\/ol>\n<p class=\"brz-css-zclzw\" data-generated-css=\"brz-css-oxwyi\" data-uniq-id=\"bhacz\"><\/p>\n<\/div>\n<\/div>\n<\/div>\n<\/div>\n<\/div>\n<\/section>\n<\/div>\n<p><!-- version:1739280027 --><\/p>","protected":false},"excerpt":{"rendered":"<p>La F\u00e9d\u00e9ration Interprofessionnelle du Tourisme Tunisien (Fi2T) se porte garante quant \u00e0 la conformit\u00e9 des entreprises accr\u00e9dit\u00e9es selon les crit\u00e8res et les conditions mentionn\u00e9s ci-dessous Afin de renforcer la confiance entre les clients et les entreprises touristiques, lutter contre la concurrence d\u00e9loyale, reconnaitre la comp\u00e9tence des professionnels du tourisme tunisien, la Fi2T (F\u00e9d\u00e9ration Interprofessionnelle du [&hellip;]<\/p>\n","protected":false},"author":1,"featured_media":1729,"parent":0,"menu_order":0,"comment_status":"closed","ping_status":"closed","template":"","meta":{"footnotes":""},"class_list":["post-2747","page","type-page","status-publish","has-post-thumbnail","hentry"],"blocksy_meta":[],"brizy_media":[{"id":2749,"url":"https:\/\/www.fit-tunisie.org\/wp-content\/uploads\/2023\/04\/accreditation.png","name":"accreditation.png","meta":{"brizy_attachment_uid":"wp-082974d8a08119c34178cebf10848117.png","brizy_post_uid":["81f15cdc2eb2fbdb502093aca17adfdb"]}},{"id":3171,"url":"https:\/\/www.fit-tunisie.org\/wp-content\/uploads\/2025\/10\/Balloons-event-show-6.jpg","name":"Balloons-event-show-6.jpg","meta":{"brizy_attachment_uid":"wp-ff478539611547686c8ac4dc15b78cee.jpg","brizy_post_uid":["81f15cdc2eb2fbdb502093aca17adfdb"]}}],"_links":{"self":[{"href":"https:\/\/www.fit-tunisie.org\/en\/wp-json\/wp\/v2\/pages\/2747","targetHints":{"allow":["GET"]}}],"collection":[{"href":"https:\/\/www.fit-tunisie.org\/en\/wp-json\/wp\/v2\/pages"}],"about":[{"href":"https:\/\/www.fit-tunisie.org\/en\/wp-json\/wp\/v2\/types\/page"}],"author":[{"embeddable":true,"href":"https:\/\/www.fit-tunisie.org\/en\/wp-json\/wp\/v2\/users\/1"}],"replies":[{"embeddable":true,"href":"https:\/\/www.fit-tunisie.org\/en\/wp-json\/wp\/v2\/comments?post=2747"}],"version-history":[{"count":7,"href":"https:\/\/www.fit-tunisie.org\/en\/wp-json\/wp\/v2\/pages\/2747\/revisions"}],"predecessor-version":[{"id":3042,"href":"https:\/\/www.fit-tunisie.org\/en\/wp-json\/wp\/v2\/pages\/2747\/revisions\/3042"}],"wp:featuredmedia":[{"embeddable":true,"href":"https:\/\/www.fit-tunisie.org\/en\/wp-json\/wp\/v2\/media\/1729"}],"wp:attachment":[{"href":"https:\/\/www.fit-tunisie.org\/en\/wp-json\/wp\/v2\/media?parent=2747"}],"curies":[{"name":"wp","href":"https:\/\/api.w.org\/{rel}","templated":true}]}}