{"id":2670,"date":"2023-03-28T17:00:43","date_gmt":"2023-03-28T17:00:43","guid":{"rendered":"https:\/\/www.fit-tunisie.org\/wordpress_W\/?page_id=2670"},"modified":"2026-04-07T14:28:55","modified_gmt":"2026-04-07T14:28:55","slug":"diversification-du-tourisme-tunisien","status":"publish","type":"page","link":"https:\/\/www.fit-tunisie.org\/en\/diversification-du-tourisme-tunisien\/","title":{"rendered":"DIVERSIFICATION DU TOURISME TUNISIEN"},"content":{"rendered":"<div class=\"brz-root__container brz-reset-all\">\n<section data-uid=\"igzpltnmxikuhdmiwdglyggkkjkngyxdhapz\" id=\"igzpltnmxikuhdmiwdglyggkkjkngyxdhapz\" class=\"brz-section brz-css-pozoq\">\n<div class=\"brz-section__content brz-section--boxed brz-css-yittz\" data-custom-id=\"irdprvgrguyfvacjtvhgvqkknpebpudthaur\">\n<div class=\"brz-container brz-css-rvupu\">\n<div class=\"brz-css-txiro brz-wrapper\">\n<div class=\"brz-rich-text brz-rich-text__custom brz-css-qmcea\" data-custom-id=\"ptejxggcbiztndszvbdktcgcgavtfwyamaor\">\n<div>\n<h2 class=\"brz-css-vgool\" data-uniq-id=\"cspqe\" data-generated-css=\"brz-css-qmlbd\"><span class=\"brz-cp-color7\">DIVERSIFICATION DU<\/span><\/h2>\n<h2 class=\"brz-css-pphda\" data-uniq-id=\"fwexe\" data-generated-css=\"brz-css-lzftm\"><span>TOURISME TUNISIEN<\/span><\/h2>\n<\/div>\n<\/div>\n<\/div>\n<div id=\"par\" class=\"brz-css-txiro brz-css-inojz brz-wrapper\">\n<div class=\"brz-rich-text brz-rich-text__custom brz-css-qmcea\" data-custom-id=\"dgmnuusfpdjpbbwxtmrsbpzfyplynnzpiuwn\">\n<div>\n<p data-generated-css=\"brz-css-glpdt\" data-uniq-id=\"psbme\" class=\"brz-css-gmhdu\"><span class=\"brz-cp-color7\">Plus que jamais la Tunisie a besoin de diversifier son produit touristique. La crise du tourisme baln\u00e9aire de masse est partie pour durer et offre donc l\u2019occasion d\u2019entreprendre les r\u00e9formes structurelles tant attendues. C\u2019est en nous adressant \u00e0 une client\u00e8le de qualit\u00e9, moins sensible aux al\u00e9as et intox s\u00e9curitaires et \u00e0 qui nous proposerons de la diversit\u00e9 et de l\u2019originalit\u00e9, que nous feront repartir l\u2019activit\u00e9 dans notre pays.<\/span><\/p>\n<p data-generated-css=\"brz-css-glpdt\" data-uniq-id=\"psbme\" class=\"brz-css-istgu\"><\/p>\n<p data-generated-css=\"brz-css-qftlv\" data-uniq-id=\"suowb\" class=\"brz-css-ewujg\"><span class=\"brz-cp-color7\">La diversification du produit touristique tunisien a pris beaucoup de retard faute de vision strat\u00e9gique et de volont\u00e9 politique. Cette diversification n\u2019est ni un luxe ni une lubie mais tout simplement une r\u00e9ponse ad\u00e9quate \u00e0 la demande touristique mondiale de plus en plus segment\u00e9e et diversifi\u00e9e.<\/span><\/p>\n<p data-generated-css=\"brz-css-qftlv\" data-uniq-id=\"suowb\" class=\"brz-css-bsbex\"><\/p>\n<p data-generated-css=\"brz-css-arwkj\" data-uniq-id=\"hfura\" class=\"brz-css-jeevs\"><span class=\"brz-cp-color7\">D\u2019ailleurs toutes les \u00e9tudes strat\u00e9giques r\u00e9alis\u00e9es ou command\u00e9es par l\u2019autorit\u00e9 de tutelle (JICA 2001, Banque Mondiale 2002, Roland Berger 2010\u2026) indiquent qu\u2019un des points faibles structurels du tourisme Tunisien est son manque de diversit\u00e9. Tous les experts admettent que la Tunisie dispose de potentialit\u00e9s \u00e9normes qui restent faiblement ou pas du tout exploit\u00e9es.<\/span><\/p>\n<p class=\"brz-css-tfboa\" data-generated-css=\"brz-css-yyrvx\" data-uniq-id=\"wwudw\"><\/p>\n<\/div>\n<\/div>\n<\/div>\n<div class=\"brz-css-txiro brz-wrapper\">\n<div class=\"brz-rich-text brz-rich-text__custom brz-css-qmcea\" data-custom-id=\"qitqbuywbobgzyfsnticvgrtzoecsaprrsvj\">\n<div>\n<p class=\"brz-css-sbjgw\" data-generated-css=\"brz-css-ugwth\" data-uniq-id=\"hvrlq\"><strong>La Tunisie gagnerait \u00e9norm\u00e9ment \u00e0 diversifier son offre car cela :<\/strong><\/p>\n<\/div>\n<\/div>\n<\/div>\n<div class=\"brz-css-txiro brz-wrapper\">\n<div class=\"brz-rich-text brz-rich-text__custom brz-css-qmcea\" data-custom-id=\"ywtiquziytvrwxpobqjjynazzwoqydtwulnk\">\n<div>\n<ul>\n<li data-generated-css=\"brz-css-izgob\" data-uniq-id=\"zorpy\" class=\"brz-css-vtnrc\"><span class=\"brz-cp-color7\">G\u00c9N\u00c8RE DAVANTAGE DE RECETTES EN DEVISES PUISQUE IL S\u2019AGIT EN G\u00c9N\u00c9RAL D\u2019UNE CLIENT\u00c8LE \u00c0 FORT POUVOIR D\u2019ACHAT<\/span><\/li>\n<li data-generated-css=\"brz-css-pdwog\" data-uniq-id=\"lnedo\" class=\"brz-css-etlir\"><span class=\"brz-cp-color7\">PERMET UN \u00c9TALEMENT DES ACTIVIT\u00c9S TOURISTIQUES SUR TOUTE L\u2019ANN\u00c9E<\/span><\/li>\n<li data-generated-css=\"brz-css-mgrtv\" data-uniq-id=\"mfvqf\" class=\"brz-css-hpsrk\"><span class=\"brz-cp-color7\">AM\u00c9LIORE L\u2019IMAGE DE LA DESTINATION TUNISIE<\/span><\/li>\n<li data-generated-css=\"brz-css-enjtt\" data-uniq-id=\"egklq\" class=\"brz-css-pynto\"><span class=\"brz-cp-color7\">PERMETTRA UNE VRAIE SORTIE DE LA CRISE QUI TOUCHE LE TOURISME BALNEAIRE DE MASSE DONT LA TUNISIE EN A FAIT QUASIMENT SON MONO PRODUIT<\/span><\/li>\n<\/ul>\n<\/div>\n<\/div>\n<\/div>\n<\/div>\n<\/div>\n<\/section>\n<\/div>\n<p><!-- version:1739300920 --><\/p>","protected":false},"excerpt":{"rendered":"<p>DIVERSIFICATION DU TOURISME TUNISIEN Plus que jamais la Tunisie a besoin de diversifier son produit touristique. La crise du tourisme baln\u00e9aire de masse est partie pour durer et offre donc l\u2019occasion d\u2019entreprendre les r\u00e9formes structurelles tant attendues. C\u2019est en nous adressant \u00e0 une client\u00e8le de qualit\u00e9, moins sensible aux al\u00e9as et intox s\u00e9curitaires et \u00e0 [&hellip;]<\/p>\n","protected":false},"author":1,"featured_media":1729,"parent":0,"menu_order":0,"comment_status":"closed","ping_status":"closed","template":"","meta":{"footnotes":""},"class_list":["post-2670","page","type-page","status-publish","has-post-thumbnail","hentry"],"blocksy_meta":[],"brizy_media":[{"id":2749,"url":"https:\/\/www.fit-tunisie.org\/wp-content\/uploads\/2023\/04\/accreditation.png","name":"accreditation.png","meta":{"brizy_attachment_uid":"wp-082974d8a08119c34178cebf10848117.png","brizy_post_uid":["81f15cdc2eb2fbdb502093aca17adfdb"]}},{"id":3171,"url":"https:\/\/www.fit-tunisie.org\/wp-content\/uploads\/2025\/10\/Balloons-event-show-6.jpg","name":"Balloons-event-show-6.jpg","meta":{"brizy_attachment_uid":"wp-ff478539611547686c8ac4dc15b78cee.jpg","brizy_post_uid":["81f15cdc2eb2fbdb502093aca17adfdb"]}}],"_links":{"self":[{"href":"https:\/\/www.fit-tunisie.org\/en\/wp-json\/wp\/v2\/pages\/2670","targetHints":{"allow":["GET"]}}],"collection":[{"href":"https:\/\/www.fit-tunisie.org\/en\/wp-json\/wp\/v2\/pages"}],"about":[{"href":"https:\/\/www.fit-tunisie.org\/en\/wp-json\/wp\/v2\/types\/page"}],"author":[{"embeddable":true,"href":"https:\/\/www.fit-tunisie.org\/en\/wp-json\/wp\/v2\/users\/1"}],"replies":[{"embeddable":true,"href":"https:\/\/www.fit-tunisie.org\/en\/wp-json\/wp\/v2\/comments?post=2670"}],"version-history":[{"count":8,"href":"https:\/\/www.fit-tunisie.org\/en\/wp-json\/wp\/v2\/pages\/2670\/revisions"}],"predecessor-version":[{"id":3057,"href":"https:\/\/www.fit-tunisie.org\/en\/wp-json\/wp\/v2\/pages\/2670\/revisions\/3057"}],"wp:featuredmedia":[{"embeddable":true,"href":"https:\/\/www.fit-tunisie.org\/en\/wp-json\/wp\/v2\/media\/1729"}],"wp:attachment":[{"href":"https:\/\/www.fit-tunisie.org\/en\/wp-json\/wp\/v2\/media?parent=2670"}],"curies":[{"name":"wp","href":"https:\/\/api.w.org\/{rel}","templated":true}]}}